{"id":7134,"date":"2023-04-18T12:36:32","date_gmt":"2023-04-18T10:36:32","guid":{"rendered":"https:\/\/www.barmilese.it\/menu\/"},"modified":"2023-06-06T18:51:07","modified_gmt":"2023-06-06T16:51:07","slug":"speisekarte","status":"publish","type":"page","link":"https:\/\/www.barmilese.it\/de\/speisekarte\/","title":{"rendered":"Speisekarte"},"content":{"rendered":"\t\t<div data-elementor-type=\"wp-post\" data-elementor-id=\"7134\" class=\"elementor elementor-7134 elementor-6507\">\n\t\t\t\t\t\t\t\t\t<section class=\"elementor-section elementor-top-section elementor-element elementor-element-5161a59 elementor-section-boxed elementor-section-height-default elementor-section-height-default\" data-id=\"5161a59\" data-element_type=\"section\" data-settings=\"{&quot;background_background&quot;:&quot;classic&quot;,&quot;shape_divider_top&quot;:&quot;zigzag&quot;}\">\n\t\t\t\t\t<div class=\"elementor-shape elementor-shape-top\" data-negative=\"false\">\n\t\t\t<svg xmlns=\"http:\/\/www.w3.org\/2000\/svg\" viewBox=\"0 0 1800 5.8\" preserveAspectRatio=\"none\">\n  <path class=\"elementor-shape-fill\" d=\"M5.4.4l5.4 5.3L16.5.4l5.4 5.3L27.5.4 33 5.7 38.6.4l5.5 5.4h.1L49.9.4l5.4 5.3L60.9.4l5.5 5.3L72 .4l5.5 5.3L83.1.4l5.4 5.3L94.1.4l5.5 5.4h.2l5.6-5.4 5.5 5.3 5.6-5.3 5.4 5.3 5.6-5.3 5.5 5.3 5.6-5.3 5.5 5.4h.2l5.6-5.4 5.4 5.3L161 .4l5.4 5.3L172 .4l5.5 5.3 5.6-5.3 5.4 5.3 5.7-5.3 5.4 5.4h.2l5.6-5.4 5.5 5.3 5.6-5.3 5.5 5.3 5.6-5.3 5.4 5.3 5.6-5.3 5.5 5.4h.2l5.6-5.4 5.5 5.3L261 .4l5.4 5.3L272 .4l5.5 5.3 5.6-5.3 5.5 5.3 5.6-5.3 5.5 5.4h.1l5.7-5.4 5.4 5.3 5.6-5.3 5.5 5.3 5.6-5.3 5.4 5.3 5.7-5.3 5.4 5.4h.2l5.6-5.4 5.5 5.3L361 .4l5.5 5.3 5.6-5.3 5.4 5.3 5.6-5.3 5.5 5.3 5.6-5.3 5.5 5.4h.1l5.7-5.4 5.4 5.3 5.6-5.3 5.5 5.3 5.6-5.3 5.5 5.3 5.6-5.3 5.5 5.4h.1l5.6-5.4 5.5 5.3L461 .4l5.5 5.3 5.6-5.3 5.4 5.3 5.7-5.3 5.4 5.3 5.6-5.3 5.5 5.4h.2l5.6-5.4 5.5 5.3 5.6-5.3 5.4 5.3 5.6-5.3 5.5 5.3 5.6-5.3 5.5 5.4h.1L550 .4l5.4 5.3L561 .4l5.5 5.3 5.6-5.3 5.5 5.3 5.6-5.3 5.4 5.3 5.6-5.3 5.5 5.4h.2l5.6-5.4 5.5 5.3 5.6-5.3 5.4 5.3 5.7-5.3 5.4 5.3 5.6-5.3 5.5 5.4h.2L650 .4l5.5 5.3 5.6-5.3 5.4 5.3 5.6-5.3 5.5 5.3 5.6-5.3 5.5 5.3 5.6-5.3 5.4 5.4h.2l5.6-5.4 5.5 5.3 5.6-5.3 5.5 5.3 5.6-5.3 5.4 5.3 5.6-5.3 5.5 5.4h.2L750 .4l5.5 5.3 5.6-5.3 5.4 5.3 5.7-5.3 5.4 5.3 5.6-5.3 5.5 5.3 5.6-5.3 5.5 5.4h.1l5.7-5.4 5.4 5.3 5.6-5.3 5.5 5.3 5.6-5.3 5.5 5.3 5.6-5.3 5.4 5.4h.2L850 .4l5.5 5.3 5.6-5.3 5.5 5.3 5.6-5.3 5.4 5.3 5.6-5.3 5.5 5.3 5.6-5.3 5.5 5.4h.2l5.6-5.4 5.4 5.3 5.7-5.3 5.4 5.3 5.6-5.3 5.5 5.3 5.6-5.3 5.5 5.4h.1l5.7-5.4 5.4 5.3 5.6-5.3 5.5 5.3 5.6-5.3 5.5 5.3 5.6-5.3 5.4 5.3 5.6-5.3 5.5 5.4h.2l5.6-5.4 5.5 5.3 5.6-5.3 5.4 5.3 5.6-5.3 5.5 5.3 5.6-5.3 5.5 5.4h.2l5.6-5.4 5.4 5.3 5.7-5.3 5.4 5.3 5.6-5.3 5.5 5.3 5.6-5.3 5.5 5.3 5.6-5.3 5.4 5.4h.2l5.6-5.4 5.5 5.3 5.6-5.3 5.5 5.3 5.6-5.3 5.4 5.3 5.6-5.3 5.5 5.4h.2l5.6-5.4 5.5 5.3 5.6-5.3 5.4 5.3 5.6-5.3 5.5 5.3 5.6-5.3 5.5 5.3 5.6-5.3 5.5 5.4h.1l5.7-5.4 5.4 5.3 5.6-5.3 5.5 5.3 5.6-5.3 5.5 5.3 5.6-5.3 5.4 5.4h.2l5.6-5.4 5.5 5.3 5.6-5.3 5.5 5.3 5.6-5.3 5.4 5.3 5.6-5.3 5.5 5.3 5.6-5.3 5.5 5.4h.2l5.6-5.4 5.4 5.3 5.6-5.3 5.5 5.3 5.6-5.3 5.5 5.3 5.6-5.3 5.5 5.4h.1l5.7-5.4 5.4 5.3 5.6-5.3 5.5 5.3 5.6-5.3 5.5 5.3 5.6-5.3 5.4 5.3 5.6-5.3 5.5 5.4h.2l5.6-5.4 5.5 5.3 5.6-5.3 5.4 5.3 5.6-5.3 5.5 5.3 5.6-5.3 5.5 5.4h.2l5.6-5.4 5.4 5.3 5.6-5.3 5.5 5.3 5.6-5.3 5.5 5.3 5.6-5.3 5.4 5.3 5.7-5.3 5.4 5.4h.2l5.6-5.4 5.5 5.3 5.6-5.3 5.5 5.3 5.6-5.3 5.4 5.3 5.6-5.3 5.5 5.4h.2l5.6-5.4 5.5 5.3 5.6-5.3 5.4 5.3 5.6-5.3 5.5 5.3 5.6-5.3 5.5 5.3 5.6-5.3 5.5 5.4h.1l5.6-5.4 5.5 5.3 5.6-5.3 5.5 5.3 5.6-5.3 5.4 5.3 5.7-5.3 5.4 5.4h.2l5.6-5.4 5.5 5.3 5.6-5.3 5.5 5.3 5.6-5.3 5.4 5.3 5.6-5.3 5.5 5.3 5.6-5.3 5.5 5.4h.1l5.7-5.4 5.4 5.3 5.6-5.3 5.5 5.3 5.6-5.3 5.5 5.3 5.6-5.3 5.5 5.4h.1l5.6-5.4 5.5 5.3 5.6-5.3 5.5 5.3 5.6-5.3 5.4 5.3 5.7-5.3 5.4 5.3 5.6-5.3 5.5 5.4V0H-.2v5.8z\"\/>\n<\/svg>\n\t\t<\/div>\n\t\t\t\t\t<div class=\"elementor-container elementor-column-gap-default\">\n\t\t\t\t\t<div class=\"elementor-column elementor-col-50 elementor-top-column elementor-element elementor-element-99593e3\" data-id=\"99593e3\" data-element_type=\"column\" data-settings=\"{&quot;background_background&quot;:&quot;classic&quot;}\">\n\t\t\t<div class=\"elementor-widget-wrap elementor-element-populated\">\n\t\t\t\t\t\t\t\t<div class=\"elementor-element elementor-element-700bd5d elementor-widget elementor-widget-text-editor\" data-id=\"700bd5d\" data-element_type=\"widget\" data-widget_type=\"text-editor.default\">\n\t\t\t\t<div class=\"elementor-widget-container\">\n\t\t\t<style>\/*! elementor - v3.16.0 - 20-09-2023 *\/\n.elementor-widget-text-editor.elementor-drop-cap-view-stacked .elementor-drop-cap{background-color:#69727d;color:#fff}.elementor-widget-text-editor.elementor-drop-cap-view-framed .elementor-drop-cap{color:#69727d;border:3px solid;background-color:transparent}.elementor-widget-text-editor:not(.elementor-drop-cap-view-default) .elementor-drop-cap{margin-top:8px}.elementor-widget-text-editor:not(.elementor-drop-cap-view-default) .elementor-drop-cap-letter{width:1em;height:1em}.elementor-widget-text-editor .elementor-drop-cap{float:left;text-align:center;line-height:1;font-size:50px}.elementor-widget-text-editor .elementor-drop-cap-letter{display:inline-block}<\/style>\t\t\t\t<p>Bar Milese<\/p>\t\t\t\t\t\t<\/div>\n\t\t\t\t<\/div>\n\t\t\t\t<div class=\"elementor-element elementor-element-150b704 elementor-widget elementor-widget-heading\" data-id=\"150b704\" data-element_type=\"widget\" data-widget_type=\"heading.default\">\n\t\t\t\t<div class=\"elementor-widget-container\">\n\t\t\t<style>\/*! elementor - v3.16.0 - 20-09-2023 *\/\n.elementor-heading-title{padding:0;margin:0;line-height:1}.elementor-widget-heading .elementor-heading-title[class*=elementor-size-]>a{color:inherit;font-size:inherit;line-height:inherit}.elementor-widget-heading .elementor-heading-title.elementor-size-small{font-size:15px}.elementor-widget-heading .elementor-heading-title.elementor-size-medium{font-size:19px}.elementor-widget-heading .elementor-heading-title.elementor-size-large{font-size:29px}.elementor-widget-heading .elementor-heading-title.elementor-size-xl{font-size:39px}.elementor-widget-heading .elementor-heading-title.elementor-size-xxl{font-size:59px}<\/style><h2 class=\"elementor-heading-title elementor-size-default\">SPEISEKARTE<\/h2>\t\t<\/div>\n\t\t\t\t<\/div>\n\t\t\t\t<div class=\"elementor-element elementor-element-353573b elementor-widget elementor-widget-text-editor\" data-id=\"353573b\" data-element_type=\"widget\" data-widget_type=\"text-editor.default\">\n\t\t\t\t<div class=\"elementor-widget-container\">\n\t\t\t\t\t\t\t<p>Entdecken Sie die K\u00f6stlichkeiten der Bar Milese! Lassen Sie sich unsere unverwechselbaren Focacce schmecken. Diese wohlduftenden, frisch zubereiteten und besonders leckeren Focacce eignen sich bestens f\u00fcr ein Picknick im Freien und machen jede Mahlzeit zu etwas Besonderem. Probieren Sie unsere Degustationsgerichte und erkunden Sie die heimischen Spezialit\u00e4ten f\u00fcr exzellente Brunchs und Firmenbuffets. Genie\u00dfen Sie unsere lokalen Weine und unsere Getr\u00e4nke. Jedes unserer Gerichte wird mit Leidenschaft, Originalit\u00e4t und hochwertigen Zutaten kreiert, um Ihnen ein unvergessliches Geschmackserlebnis zu bieten.<\/p>\t\t\t\t\t\t<\/div>\n\t\t\t\t<\/div>\n\t\t\t\t<div class=\"elementor-element elementor-element-c5953ca elementor-widget elementor-widget-button\" data-id=\"c5953ca\" data-element_type=\"widget\" data-widget_type=\"button.default\">\n\t\t\t\t<div class=\"elementor-widget-container\">\n\t\t\t\t\t<div class=\"elementor-button-wrapper\">\n\t\t\t<a class=\"elementor-button elementor-button-link elementor-size-lg\" href=\"https:\/\/menu.barmilese.it\/\" target=\"_blank\">\n\t\t\t\t\t\t<span class=\"elementor-button-content-wrapper\">\n\t\t\t\t\t\t<span class=\"elementor-button-text\">Durchsuche das Speisekarte<\/span>\n\t\t<\/span>\n\t\t\t\t\t<\/a>\n\t\t<\/div>\n\t\t\t\t<\/div>\n\t\t\t\t<\/div>\n\t\t\t\t\t<\/div>\n\t\t<\/div>\n\t\t\t\t<div class=\"elementor-column elementor-col-50 elementor-top-column elementor-element elementor-element-ff82e2d\" data-id=\"ff82e2d\" data-element_type=\"column\" data-settings=\"{&quot;background_background&quot;:&quot;classic&quot;}\">\n\t\t\t<div class=\"elementor-widget-wrap elementor-element-populated\">\n\t\t\t\t\t\t\t\t<div class=\"elementor-element elementor-element-72e5303 elementor-widget elementor-widget-image\" data-id=\"72e5303\" data-element_type=\"widget\" data-widget_type=\"image.default\">\n\t\t\t\t<div class=\"elementor-widget-container\">\n\t\t\t<style>\/*! elementor - v3.16.0 - 20-09-2023 *\/\n.elementor-widget-image{text-align:center}.elementor-widget-image a{display:inline-block}.elementor-widget-image a img[src$=\".svg\"]{width:48px}.elementor-widget-image img{vertical-align:middle;display:inline-block}<\/style>\t\t\t\t\t\t\t\t\t\t\t\t<img loading=\"lazy\" decoding=\"async\" width=\"800\" height=\"534\" src=\"https:\/\/www.barmilese.it\/wp-content\/uploads\/2023\/05\/foto-menu2-1024x683.jpg\" class=\"attachment-large size-large wp-image-6579\" alt=\"\" srcset=\"https:\/\/www.barmilese.it\/wp-content\/uploads\/2023\/05\/foto-menu2-1024x683.jpg 1024w, https:\/\/www.barmilese.it\/wp-content\/uploads\/2023\/05\/foto-menu2-300x200.jpg 300w, https:\/\/www.barmilese.it\/wp-content\/uploads\/2023\/05\/foto-menu2-768x512.jpg 768w, https:\/\/www.barmilese.it\/wp-content\/uploads\/2023\/05\/foto-menu2-1536x1024.jpg 1536w, https:\/\/www.barmilese.it\/wp-content\/uploads\/2023\/05\/foto-menu2-2048x1365.jpg 2048w\" sizes=\"auto, (max-width: 800px) 100vw, 800px\" \/>\t\t\t\t\t\t\t\t\t\t\t\t\t\t\t<\/div>\n\t\t\t\t<\/div>\n\t\t\t\t<div class=\"elementor-element elementor-element-668975b elementor-widget elementor-widget-image\" data-id=\"668975b\" data-element_type=\"widget\" data-widget_type=\"image.default\">\n\t\t\t\t<div class=\"elementor-widget-container\">\n\t\t\t\t\t\t\t\t\t\t\t\t\t\t\t<img loading=\"lazy\" decoding=\"async\" width=\"800\" height=\"533\" src=\"https:\/\/www.barmilese.it\/wp-content\/uploads\/2023\/05\/foto-menu1.jpg\" class=\"attachment-large size-large wp-image-6582\" alt=\"\" srcset=\"https:\/\/www.barmilese.it\/wp-content\/uploads\/2023\/05\/foto-menu1.jpg 800w, https:\/\/www.barmilese.it\/wp-content\/uploads\/2023\/05\/foto-menu1-300x200.jpg 300w, https:\/\/www.barmilese.it\/wp-content\/uploads\/2023\/05\/foto-menu1-768x512.jpg 768w\" sizes=\"auto, (max-width: 800px) 100vw, 800px\" \/>\t\t\t\t\t\t\t\t\t\t\t\t\t\t\t<\/div>\n\t\t\t\t<\/div>\n\t\t\t\t\t<\/div>\n\t\t<\/div>\n\t\t\t\t\t\t\t<\/div>\n\t\t<\/section>\n\t\t\t\t\t\t\t<\/div>\n\t\t","protected":false},"excerpt":{"rendered":"<p>Bar Milese SPEISEKARTE Entdecken Sie die K\u00f6stlichkeiten der Bar Milese! Lassen Sie sich unsere unverwechselbaren Focacce schmecken. Diese wohlduftenden, frisch zubereiteten und besonders leckeren Focacce eignen sich bestens f\u00fcr ein Picknick im Freien und machen jede Mahlzeit zu etwas Besonderem. Probieren Sie unsere Degustationsgerichte und erkunden Sie die heimischen Spezialit\u00e4ten f\u00fcr exzellente Brunchs und Firmenbuffets. [&hellip;]<\/p>\n","protected":false},"author":1,"featured_media":0,"parent":0,"menu_order":0,"comment_status":"closed","ping_status":"closed","template":"elementor_header_footer","meta":{"footnotes":""},"class_list":["post-7134","page","type-page","status-publish","hentry"],"yoast_head":"<!-- This site is optimized with the Yoast SEO plugin v21.3 - https:\/\/yoast.com\/wordpress\/plugins\/seo\/ -->\n<title>Unsere Speisekarte<\/title>\n<meta name=\"description\" content=\"Entdecken Sie die K\u00f6stlichkeiten der Bar Milese! Jedes unserer Gerichte wird mit Leidenschaft, Originalit\u00e4t und hochwertigen Zutaten kreiert.\" \/>\n<meta name=\"robots\" content=\"index, follow, max-snippet:-1, max-image-preview:large, max-video-preview:-1\" \/>\n<link rel=\"canonical\" href=\"https:\/\/www.barmilese.it\/de\/speisekarte\/\" \/>\n<meta property=\"og:locale\" content=\"de_DE\" \/>\n<meta property=\"og:type\" content=\"article\" \/>\n<meta property=\"og:title\" content=\"Unsere Speisekarte\" \/>\n<meta property=\"og:description\" content=\"Entdecken Sie die K\u00f6stlichkeiten der Bar Milese! Jedes unserer Gerichte wird mit Leidenschaft, Originalit\u00e4t und hochwertigen Zutaten kreiert.\" \/>\n<meta property=\"og:url\" content=\"https:\/\/www.barmilese.it\/de\/speisekarte\/\" \/>\n<meta property=\"og:site_name\" content=\"Bar Milese\" \/>\n<meta property=\"article:publisher\" content=\"https:\/\/www.facebook.com\/ilmilese.focacceria\" \/>\n<meta property=\"article:modified_time\" content=\"2023-06-06T16:51:07+00:00\" \/>\n<meta property=\"og:image\" content=\"https:\/\/www.barmilese.it\/wp-content\/uploads\/2023\/05\/foto-menu2-1024x683.jpg\" \/>\n<meta name=\"twitter:card\" content=\"summary_large_image\" \/>\n<meta name=\"twitter:label1\" content=\"Gesch\u00e4tzte Lesezeit\" \/>\n\t<meta name=\"twitter:data1\" content=\"1\u00a0Minute\" \/>\n<script type=\"application\/ld+json\" class=\"yoast-schema-graph\">{\"@context\":\"https:\/\/schema.org\",\"@graph\":[{\"@type\":\"WebPage\",\"@id\":\"https:\/\/www.barmilese.it\/de\/speisekarte\/\",\"url\":\"https:\/\/www.barmilese.it\/de\/speisekarte\/\",\"name\":\"Unsere Speisekarte\",\"isPartOf\":{\"@id\":\"https:\/\/www.barmilese.it\/#website\"},\"datePublished\":\"2023-04-18T10:36:32+00:00\",\"dateModified\":\"2023-06-06T16:51:07+00:00\",\"description\":\"Entdecken Sie die K\u00f6stlichkeiten der Bar Milese! Jedes unserer Gerichte wird mit Leidenschaft, Originalit\u00e4t und hochwertigen Zutaten kreiert.\",\"breadcrumb\":{\"@id\":\"https:\/\/www.barmilese.it\/de\/speisekarte\/#breadcrumb\"},\"inLanguage\":\"de\",\"potentialAction\":[{\"@type\":\"ReadAction\",\"target\":[\"https:\/\/www.barmilese.it\/de\/speisekarte\/\"]}]},{\"@type\":\"BreadcrumbList\",\"@id\":\"https:\/\/www.barmilese.it\/de\/speisekarte\/#breadcrumb\",\"itemListElement\":[{\"@type\":\"ListItem\",\"position\":1,\"name\":\"Home\",\"item\":\"https:\/\/www.barmilese.it\/de\/\"},{\"@type\":\"ListItem\",\"position\":2,\"name\":\"Speisekarte\"}]},{\"@type\":\"WebSite\",\"@id\":\"https:\/\/www.barmilese.it\/#website\",\"url\":\"https:\/\/www.barmilese.it\/\",\"name\":\"Bar Milese\",\"description\":\"\",\"publisher\":{\"@id\":\"https:\/\/www.barmilese.it\/#organization\"},\"potentialAction\":[{\"@type\":\"SearchAction\",\"target\":{\"@type\":\"EntryPoint\",\"urlTemplate\":\"https:\/\/www.barmilese.it\/?s={search_term_string}\"},\"query-input\":\"required name=search_term_string\"}],\"inLanguage\":\"de\"},{\"@type\":\"Organization\",\"@id\":\"https:\/\/www.barmilese.it\/#organization\",\"name\":\"Bar Milese\",\"url\":\"https:\/\/www.barmilese.it\/\",\"logo\":{\"@type\":\"ImageObject\",\"inLanguage\":\"de\",\"@id\":\"https:\/\/www.barmilese.it\/#\/schema\/logo\/image\/\",\"url\":\"https:\/\/www.barmilese.it\/wp-content\/uploads\/2023\/04\/logo3-1.png\",\"contentUrl\":\"https:\/\/www.barmilese.it\/wp-content\/uploads\/2023\/04\/logo3-1.png\",\"width\":400,\"height\":236,\"caption\":\"Bar Milese\"},\"image\":{\"@id\":\"https:\/\/www.barmilese.it\/#\/schema\/logo\/image\/\"},\"sameAs\":[\"https:\/\/www.facebook.com\/ilmilese.focacceria\",\"https:\/\/www.instagram.com\/ilmilesefocacceria\/\"]}]}<\/script>\n<!-- \/ Yoast SEO plugin. -->","yoast_head_json":{"title":"Unsere Speisekarte","description":"Entdecken Sie die K\u00f6stlichkeiten der Bar Milese! Jedes unserer Gerichte wird mit Leidenschaft, Originalit\u00e4t und hochwertigen Zutaten kreiert.","robots":{"index":"index","follow":"follow","max-snippet":"max-snippet:-1","max-image-preview":"max-image-preview:large","max-video-preview":"max-video-preview:-1"},"canonical":"https:\/\/www.barmilese.it\/de\/speisekarte\/","og_locale":"de_DE","og_type":"article","og_title":"Unsere Speisekarte","og_description":"Entdecken Sie die K\u00f6stlichkeiten der Bar Milese! Jedes unserer Gerichte wird mit Leidenschaft, Originalit\u00e4t und hochwertigen Zutaten kreiert.","og_url":"https:\/\/www.barmilese.it\/de\/speisekarte\/","og_site_name":"Bar Milese","article_publisher":"https:\/\/www.facebook.com\/ilmilese.focacceria","article_modified_time":"2023-06-06T16:51:07+00:00","og_image":[{"url":"https:\/\/www.barmilese.it\/wp-content\/uploads\/2023\/05\/foto-menu2-1024x683.jpg"}],"twitter_card":"summary_large_image","twitter_misc":{"Gesch\u00e4tzte Lesezeit":"1\u00a0Minute"},"schema":{"@context":"https:\/\/schema.org","@graph":[{"@type":"WebPage","@id":"https:\/\/www.barmilese.it\/de\/speisekarte\/","url":"https:\/\/www.barmilese.it\/de\/speisekarte\/","name":"Unsere Speisekarte","isPartOf":{"@id":"https:\/\/www.barmilese.it\/#website"},"datePublished":"2023-04-18T10:36:32+00:00","dateModified":"2023-06-06T16:51:07+00:00","description":"Entdecken Sie die K\u00f6stlichkeiten der Bar Milese! Jedes unserer Gerichte wird mit Leidenschaft, Originalit\u00e4t und hochwertigen Zutaten kreiert.","breadcrumb":{"@id":"https:\/\/www.barmilese.it\/de\/speisekarte\/#breadcrumb"},"inLanguage":"de","potentialAction":[{"@type":"ReadAction","target":["https:\/\/www.barmilese.it\/de\/speisekarte\/"]}]},{"@type":"BreadcrumbList","@id":"https:\/\/www.barmilese.it\/de\/speisekarte\/#breadcrumb","itemListElement":[{"@type":"ListItem","position":1,"name":"Home","item":"https:\/\/www.barmilese.it\/de\/"},{"@type":"ListItem","position":2,"name":"Speisekarte"}]},{"@type":"WebSite","@id":"https:\/\/www.barmilese.it\/#website","url":"https:\/\/www.barmilese.it\/","name":"Bar Milese","description":"","publisher":{"@id":"https:\/\/www.barmilese.it\/#organization"},"potentialAction":[{"@type":"SearchAction","target":{"@type":"EntryPoint","urlTemplate":"https:\/\/www.barmilese.it\/?s={search_term_string}"},"query-input":"required name=search_term_string"}],"inLanguage":"de"},{"@type":"Organization","@id":"https:\/\/www.barmilese.it\/#organization","name":"Bar Milese","url":"https:\/\/www.barmilese.it\/","logo":{"@type":"ImageObject","inLanguage":"de","@id":"https:\/\/www.barmilese.it\/#\/schema\/logo\/image\/","url":"https:\/\/www.barmilese.it\/wp-content\/uploads\/2023\/04\/logo3-1.png","contentUrl":"https:\/\/www.barmilese.it\/wp-content\/uploads\/2023\/04\/logo3-1.png","width":400,"height":236,"caption":"Bar Milese"},"image":{"@id":"https:\/\/www.barmilese.it\/#\/schema\/logo\/image\/"},"sameAs":["https:\/\/www.facebook.com\/ilmilese.focacceria","https:\/\/www.instagram.com\/ilmilesefocacceria\/"]}]}},"_links":{"self":[{"href":"https:\/\/www.barmilese.it\/de\/wp-json\/wp\/v2\/pages\/7134","targetHints":{"allow":["GET"]}}],"collection":[{"href":"https:\/\/www.barmilese.it\/de\/wp-json\/wp\/v2\/pages"}],"about":[{"href":"https:\/\/www.barmilese.it\/de\/wp-json\/wp\/v2\/types\/page"}],"author":[{"embeddable":true,"href":"https:\/\/www.barmilese.it\/de\/wp-json\/wp\/v2\/users\/1"}],"replies":[{"embeddable":true,"href":"https:\/\/www.barmilese.it\/de\/wp-json\/wp\/v2\/comments?post=7134"}],"version-history":[{"count":13,"href":"https:\/\/www.barmilese.it\/de\/wp-json\/wp\/v2\/pages\/7134\/revisions"}],"predecessor-version":[{"id":7522,"href":"https:\/\/www.barmilese.it\/de\/wp-json\/wp\/v2\/pages\/7134\/revisions\/7522"}],"wp:attachment":[{"href":"https:\/\/www.barmilese.it\/de\/wp-json\/wp\/v2\/media?parent=7134"}],"curies":[{"name":"wp","href":"https:\/\/api.w.org\/{rel}","templated":true}]}}