{"id":7088,"date":"2023-04-18T12:21:25","date_gmt":"2023-04-18T10:21:25","guid":{"rendered":"https:\/\/www.barmilese.it\/chisiamo\/"},"modified":"2023-06-06T18:51:35","modified_gmt":"2023-06-06T16:51:35","slug":"ueber-uns","status":"publish","type":"page","link":"https:\/\/www.barmilese.it\/de\/ueber-uns\/","title":{"rendered":"\u00dcber uns"},"content":{"rendered":"\t\t<div data-elementor-type=\"wp-post\" data-elementor-id=\"7088\" class=\"elementor elementor-7088 elementor-6492\">\n\t\t\t\t\t\t\t\t\t<section class=\"elementor-section elementor-top-section elementor-element elementor-element-5161a59 elementor-section-boxed elementor-section-height-default elementor-section-height-default\" data-id=\"5161a59\" data-element_type=\"section\" data-settings=\"{&quot;background_background&quot;:&quot;classic&quot;,&quot;shape_divider_top&quot;:&quot;zigzag&quot;}\">\n\t\t\t\t\t<div class=\"elementor-shape elementor-shape-top\" data-negative=\"false\">\n\t\t\t<svg xmlns=\"http:\/\/www.w3.org\/2000\/svg\" viewBox=\"0 0 1800 5.8\" preserveAspectRatio=\"none\">\n  <path class=\"elementor-shape-fill\" d=\"M5.4.4l5.4 5.3L16.5.4l5.4 5.3L27.5.4 33 5.7 38.6.4l5.5 5.4h.1L49.9.4l5.4 5.3L60.9.4l5.5 5.3L72 .4l5.5 5.3L83.1.4l5.4 5.3L94.1.4l5.5 5.4h.2l5.6-5.4 5.5 5.3 5.6-5.3 5.4 5.3 5.6-5.3 5.5 5.3 5.6-5.3 5.5 5.4h.2l5.6-5.4 5.4 5.3L161 .4l5.4 5.3L172 .4l5.5 5.3 5.6-5.3 5.4 5.3 5.7-5.3 5.4 5.4h.2l5.6-5.4 5.5 5.3 5.6-5.3 5.5 5.3 5.6-5.3 5.4 5.3 5.6-5.3 5.5 5.4h.2l5.6-5.4 5.5 5.3L261 .4l5.4 5.3L272 .4l5.5 5.3 5.6-5.3 5.5 5.3 5.6-5.3 5.5 5.4h.1l5.7-5.4 5.4 5.3 5.6-5.3 5.5 5.3 5.6-5.3 5.4 5.3 5.7-5.3 5.4 5.4h.2l5.6-5.4 5.5 5.3L361 .4l5.5 5.3 5.6-5.3 5.4 5.3 5.6-5.3 5.5 5.3 5.6-5.3 5.5 5.4h.1l5.7-5.4 5.4 5.3 5.6-5.3 5.5 5.3 5.6-5.3 5.5 5.3 5.6-5.3 5.5 5.4h.1l5.6-5.4 5.5 5.3L461 .4l5.5 5.3 5.6-5.3 5.4 5.3 5.7-5.3 5.4 5.3 5.6-5.3 5.5 5.4h.2l5.6-5.4 5.5 5.3 5.6-5.3 5.4 5.3 5.6-5.3 5.5 5.3 5.6-5.3 5.5 5.4h.1L550 .4l5.4 5.3L561 .4l5.5 5.3 5.6-5.3 5.5 5.3 5.6-5.3 5.4 5.3 5.6-5.3 5.5 5.4h.2l5.6-5.4 5.5 5.3 5.6-5.3 5.4 5.3 5.7-5.3 5.4 5.3 5.6-5.3 5.5 5.4h.2L650 .4l5.5 5.3 5.6-5.3 5.4 5.3 5.6-5.3 5.5 5.3 5.6-5.3 5.5 5.3 5.6-5.3 5.4 5.4h.2l5.6-5.4 5.5 5.3 5.6-5.3 5.5 5.3 5.6-5.3 5.4 5.3 5.6-5.3 5.5 5.4h.2L750 .4l5.5 5.3 5.6-5.3 5.4 5.3 5.7-5.3 5.4 5.3 5.6-5.3 5.5 5.3 5.6-5.3 5.5 5.4h.1l5.7-5.4 5.4 5.3 5.6-5.3 5.5 5.3 5.6-5.3 5.5 5.3 5.6-5.3 5.4 5.4h.2L850 .4l5.5 5.3 5.6-5.3 5.5 5.3 5.6-5.3 5.4 5.3 5.6-5.3 5.5 5.3 5.6-5.3 5.5 5.4h.2l5.6-5.4 5.4 5.3 5.7-5.3 5.4 5.3 5.6-5.3 5.5 5.3 5.6-5.3 5.5 5.4h.1l5.7-5.4 5.4 5.3 5.6-5.3 5.5 5.3 5.6-5.3 5.5 5.3 5.6-5.3 5.4 5.3 5.6-5.3 5.5 5.4h.2l5.6-5.4 5.5 5.3 5.6-5.3 5.4 5.3 5.6-5.3 5.5 5.3 5.6-5.3 5.5 5.4h.2l5.6-5.4 5.4 5.3 5.7-5.3 5.4 5.3 5.6-5.3 5.5 5.3 5.6-5.3 5.5 5.3 5.6-5.3 5.4 5.4h.2l5.6-5.4 5.5 5.3 5.6-5.3 5.5 5.3 5.6-5.3 5.4 5.3 5.6-5.3 5.5 5.4h.2l5.6-5.4 5.5 5.3 5.6-5.3 5.4 5.3 5.6-5.3 5.5 5.3 5.6-5.3 5.5 5.3 5.6-5.3 5.5 5.4h.1l5.7-5.4 5.4 5.3 5.6-5.3 5.5 5.3 5.6-5.3 5.5 5.3 5.6-5.3 5.4 5.4h.2l5.6-5.4 5.5 5.3 5.6-5.3 5.5 5.3 5.6-5.3 5.4 5.3 5.6-5.3 5.5 5.3 5.6-5.3 5.5 5.4h.2l5.6-5.4 5.4 5.3 5.6-5.3 5.5 5.3 5.6-5.3 5.5 5.3 5.6-5.3 5.5 5.4h.1l5.7-5.4 5.4 5.3 5.6-5.3 5.5 5.3 5.6-5.3 5.5 5.3 5.6-5.3 5.4 5.3 5.6-5.3 5.5 5.4h.2l5.6-5.4 5.5 5.3 5.6-5.3 5.4 5.3 5.6-5.3 5.5 5.3 5.6-5.3 5.5 5.4h.2l5.6-5.4 5.4 5.3 5.6-5.3 5.5 5.3 5.6-5.3 5.5 5.3 5.6-5.3 5.4 5.3 5.7-5.3 5.4 5.4h.2l5.6-5.4 5.5 5.3 5.6-5.3 5.5 5.3 5.6-5.3 5.4 5.3 5.6-5.3 5.5 5.4h.2l5.6-5.4 5.5 5.3 5.6-5.3 5.4 5.3 5.6-5.3 5.5 5.3 5.6-5.3 5.5 5.3 5.6-5.3 5.5 5.4h.1l5.6-5.4 5.5 5.3 5.6-5.3 5.5 5.3 5.6-5.3 5.4 5.3 5.7-5.3 5.4 5.4h.2l5.6-5.4 5.5 5.3 5.6-5.3 5.5 5.3 5.6-5.3 5.4 5.3 5.6-5.3 5.5 5.3 5.6-5.3 5.5 5.4h.1l5.7-5.4 5.4 5.3 5.6-5.3 5.5 5.3 5.6-5.3 5.5 5.3 5.6-5.3 5.5 5.4h.1l5.6-5.4 5.5 5.3 5.6-5.3 5.5 5.3 5.6-5.3 5.4 5.3 5.7-5.3 5.4 5.3 5.6-5.3 5.5 5.4V0H-.2v5.8z\"\/>\n<\/svg>\n\t\t<\/div>\n\t\t\t\t\t<div class=\"elementor-container elementor-column-gap-default\">\n\t\t\t\t\t<div class=\"elementor-column elementor-col-50 elementor-top-column elementor-element elementor-element-99593e3\" data-id=\"99593e3\" data-element_type=\"column\" data-settings=\"{&quot;background_background&quot;:&quot;classic&quot;}\">\n\t\t\t<div class=\"elementor-widget-wrap elementor-element-populated\">\n\t\t\t\t\t\t\t\t<div class=\"elementor-element elementor-element-700bd5d elementor-widget elementor-widget-text-editor\" data-id=\"700bd5d\" data-element_type=\"widget\" data-widget_type=\"text-editor.default\">\n\t\t\t\t<div class=\"elementor-widget-container\">\n\t\t\t<style>\/*! elementor - v3.16.0 - 20-09-2023 *\/\n.elementor-widget-text-editor.elementor-drop-cap-view-stacked .elementor-drop-cap{background-color:#69727d;color:#fff}.elementor-widget-text-editor.elementor-drop-cap-view-framed .elementor-drop-cap{color:#69727d;border:3px solid;background-color:transparent}.elementor-widget-text-editor:not(.elementor-drop-cap-view-default) .elementor-drop-cap{margin-top:8px}.elementor-widget-text-editor:not(.elementor-drop-cap-view-default) .elementor-drop-cap-letter{width:1em;height:1em}.elementor-widget-text-editor .elementor-drop-cap{float:left;text-align:center;line-height:1;font-size:50px}.elementor-widget-text-editor .elementor-drop-cap-letter{display:inline-block}<\/style>\t\t\t\t<p>Bar Milese<\/p>\t\t\t\t\t\t<\/div>\n\t\t\t\t<\/div>\n\t\t\t\t<div class=\"elementor-element elementor-element-150b704 elementor-widget elementor-widget-heading\" data-id=\"150b704\" data-element_type=\"widget\" data-widget_type=\"heading.default\">\n\t\t\t\t<div class=\"elementor-widget-container\">\n\t\t\t<style>\/*! elementor - v3.16.0 - 20-09-2023 *\/\n.elementor-heading-title{padding:0;margin:0;line-height:1}.elementor-widget-heading .elementor-heading-title[class*=elementor-size-]>a{color:inherit;font-size:inherit;line-height:inherit}.elementor-widget-heading .elementor-heading-title.elementor-size-small{font-size:15px}.elementor-widget-heading .elementor-heading-title.elementor-size-medium{font-size:19px}.elementor-widget-heading .elementor-heading-title.elementor-size-large{font-size:29px}.elementor-widget-heading .elementor-heading-title.elementor-size-xl{font-size:39px}.elementor-widget-heading .elementor-heading-title.elementor-size-xxl{font-size:59px}<\/style><h2 class=\"elementor-heading-title elementor-size-default\">\u00dcBER UNS<\/h2>\t\t<\/div>\n\t\t\t\t<\/div>\n\t\t\t\t<div class=\"elementor-element elementor-element-353573b elementor-widget elementor-widget-text-editor\" data-id=\"353573b\" data-element_type=\"widget\" data-widget_type=\"text-editor.default\">\n\t\t\t\t<div class=\"elementor-widget-container\">\n\t\t\t\t\t\t\t<p>Die Bar Milese liegt gleich gegen\u00fcber dem Hafen von Alghero und l\u00e4dt bei einem Spaziergang entlang der sch\u00f6nen Garibaldi-Uferpromenade zu einem kleinen Zwischenstopp ein. Der Focaccia del Milese\u00ae kann man einfach nicht widerstehen! Seit 1971 bieten wir unseren G\u00e4sten mit unseren weltber\u00fchmten Focacce Sarde Ripiene\u00ae mit ihrem unnachahmlichen Geschmack und Duft wahre Gaumenfreuden.<\/p>\t\t\t\t\t\t<\/div>\n\t\t\t\t<\/div>\n\t\t\t\t<div class=\"elementor-element elementor-element-8c57b2a elementor-widget elementor-widget-image\" data-id=\"8c57b2a\" data-element_type=\"widget\" data-widget_type=\"image.default\">\n\t\t\t\t<div class=\"elementor-widget-container\">\n\t\t\t<style>\/*! elementor - v3.16.0 - 20-09-2023 *\/\n.elementor-widget-image{text-align:center}.elementor-widget-image a{display:inline-block}.elementor-widget-image a img[src$=\".svg\"]{width:48px}.elementor-widget-image img{vertical-align:middle;display:inline-block}<\/style>\t\t\t\t\t\t\t\t\t\t\t\t<img loading=\"lazy\" decoding=\"async\" width=\"800\" height=\"800\" src=\"https:\/\/www.barmilese.it\/wp-content\/uploads\/2023\/04\/1-home.jpg\" class=\"attachment-large size-large wp-image-6315\" alt=\"\" srcset=\"https:\/\/www.barmilese.it\/wp-content\/uploads\/2023\/04\/1-home.jpg 800w, https:\/\/www.barmilese.it\/wp-content\/uploads\/2023\/04\/1-home-300x300.jpg 300w, https:\/\/www.barmilese.it\/wp-content\/uploads\/2023\/04\/1-home-150x150.jpg 150w, https:\/\/www.barmilese.it\/wp-content\/uploads\/2023\/04\/1-home-768x768.jpg 768w\" sizes=\"auto, (max-width: 800px) 100vw, 800px\" \/>\t\t\t\t\t\t\t\t\t\t\t\t\t\t\t<\/div>\n\t\t\t\t<\/div>\n\t\t\t\t\t<\/div>\n\t\t<\/div>\n\t\t\t\t<div class=\"elementor-column elementor-col-50 elementor-top-column elementor-element elementor-element-ff82e2d\" data-id=\"ff82e2d\" data-element_type=\"column\" data-settings=\"{&quot;background_background&quot;:&quot;classic&quot;}\">\n\t\t\t<div class=\"elementor-widget-wrap elementor-element-populated\">\n\t\t\t\t\t\t\t\t<div class=\"elementor-element elementor-element-8aef916 elementor-widget elementor-widget-spacer\" data-id=\"8aef916\" data-element_type=\"widget\" data-widget_type=\"spacer.default\">\n\t\t\t\t<div class=\"elementor-widget-container\">\n\t\t\t<style>\/*! elementor - v3.16.0 - 20-09-2023 *\/\n.elementor-column .elementor-spacer-inner{height:var(--spacer-size)}.e-con{--container-widget-width:100%}.e-con-inner>.elementor-widget-spacer,.e-con>.elementor-widget-spacer{width:var(--container-widget-width,var(--spacer-size));--align-self:var(--container-widget-align-self,initial);--flex-shrink:0}.e-con-inner>.elementor-widget-spacer>.elementor-widget-container,.e-con>.elementor-widget-spacer>.elementor-widget-container{height:100%;width:100%}.e-con-inner>.elementor-widget-spacer>.elementor-widget-container>.elementor-spacer,.e-con>.elementor-widget-spacer>.elementor-widget-container>.elementor-spacer{height:100%}.e-con-inner>.elementor-widget-spacer>.elementor-widget-container>.elementor-spacer>.elementor-spacer-inner,.e-con>.elementor-widget-spacer>.elementor-widget-container>.elementor-spacer>.elementor-spacer-inner{height:var(--container-widget-height,var(--spacer-size))}.e-con-inner>.elementor-widget-spacer.elementor-widget-empty,.e-con>.elementor-widget-spacer.elementor-widget-empty{position:relative;min-height:22px;min-width:22px}.e-con-inner>.elementor-widget-spacer.elementor-widget-empty .elementor-widget-empty-icon,.e-con>.elementor-widget-spacer.elementor-widget-empty .elementor-widget-empty-icon{position:absolute;top:0;bottom:0;left:0;right:0;margin:auto;padding:0;width:22px;height:22px}<\/style>\t\t<div class=\"elementor-spacer\">\n\t\t\t<div class=\"elementor-spacer-inner\"><\/div>\n\t\t<\/div>\n\t\t\t\t<\/div>\n\t\t\t\t<\/div>\n\t\t\t\t<div class=\"elementor-element elementor-element-2115ad4 elementor-widget elementor-widget-text-editor\" data-id=\"2115ad4\" data-element_type=\"widget\" data-widget_type=\"text-editor.default\">\n\t\t\t\t<div class=\"elementor-widget-container\">\n\t\t\t\t\t\t\t<p><strong>Aber was ist eine \u201eFocaccia del Milese\u00ae\u201c?<\/strong><\/p>\t\t\t\t\t\t<\/div>\n\t\t\t\t<\/div>\n\t\t\t\t<div class=\"elementor-element elementor-element-cf9b7d2 elementor-widget elementor-widget-text-editor\" data-id=\"cf9b7d2\" data-element_type=\"widget\" data-widget_type=\"text-editor.default\">\n\t\t\t\t<div class=\"elementor-widget-container\">\n\t\t\t\t\t\t\t<p>Die Focaccia del Milese\u00ae wird aus einem gro\u00dfen, d\u00fcnnen Brot mit beinahe rechteckiger Form hergestellt. Dieses Brot wird zweigeteilt und die untere H\u00e4lfte mit einer Schicht frische, in Scheiben geschnittene Tomaten, einer Schicht Thunfisch, mit hartgekochten Eiern, kleinen St\u00fcckchen Sardellen, einer Schicht Rucola, einer Schicht d\u00fcnn geschnittene Zwiebeln und einer Schicht Bauchspeck belegt. Und dann kommt das besondere Etwas.<\/p>\t\t\t\t\t\t<\/div>\n\t\t\t\t<\/div>\n\t\t\t\t<div class=\"elementor-element elementor-element-286ee84 elementor-widget elementor-widget-image\" data-id=\"286ee84\" data-element_type=\"widget\" data-widget_type=\"image.default\">\n\t\t\t\t<div class=\"elementor-widget-container\">\n\t\t\t\t\t\t\t\t\t\t\t\t\t\t\t<img loading=\"lazy\" decoding=\"async\" width=\"800\" height=\"534\" src=\"https:\/\/www.barmilese.it\/wp-content\/uploads\/2023\/05\/foto-chisiamo1-1.jpg\" class=\"attachment-large size-large wp-image-6609\" alt=\"\" srcset=\"https:\/\/www.barmilese.it\/wp-content\/uploads\/2023\/05\/foto-chisiamo1-1.jpg 1000w, https:\/\/www.barmilese.it\/wp-content\/uploads\/2023\/05\/foto-chisiamo1-1-300x200.jpg 300w, https:\/\/www.barmilese.it\/wp-content\/uploads\/2023\/05\/foto-chisiamo1-1-768x512.jpg 768w\" sizes=\"auto, (max-width: 800px) 100vw, 800px\" \/>\t\t\t\t\t\t\t\t\t\t\t\t\t\t\t<\/div>\n\t\t\t\t<\/div>\n\t\t\t\t<div class=\"elementor-element elementor-element-9284101 elementor-widget elementor-widget-text-editor\" data-id=\"9284101\" data-element_type=\"widget\" data-widget_type=\"text-editor.default\">\n\t\t\t\t<div class=\"elementor-widget-container\">\n\t\t\t\t\t\t\t<p>Die nach Marias Geheimrezept zubereitete So\u00dfe verwandelt eine gew\u00f6hnliche Focaccia in die einzigartige und au\u00dfergew\u00f6hnliche Focaccia del Milese\u00ae mit ihrem unnachahmlichen Geschmack! Nun wird diese reichlich belegte H\u00e4lfte mit der anderen H\u00e4lfte des Brotes bedeckt, in gleichm\u00e4\u00dfige Portionen aufgeschnitten und serviert. Die gesamte Zubereitung erfolgt an der Theke vor den Augen der Kunden, die sehns\u00fcchtig auf ihre exquisite Focaccia Sarda Ripiena\u00ae warten.<\/p>\t\t\t\t\t\t<\/div>\n\t\t\t\t<\/div>\n\t\t\t\t\t<\/div>\n\t\t<\/div>\n\t\t\t\t\t\t\t<\/div>\n\t\t<\/section>\n\t\t\t\t\t\t\t<\/div>\n\t\t","protected":false},"excerpt":{"rendered":"<p>Bar Milese \u00dcBER UNS Die Bar Milese liegt gleich gegen\u00fcber dem Hafen von Alghero und l\u00e4dt bei einem Spaziergang entlang der sch\u00f6nen Garibaldi-Uferpromenade zu einem kleinen Zwischenstopp ein. Der Focaccia del Milese\u00ae kann man einfach nicht widerstehen! Seit 1971 bieten wir unseren G\u00e4sten mit unseren weltber\u00fchmten Focacce Sarde Ripiene\u00ae mit ihrem unnachahmlichen Geschmack und Duft [&hellip;]<\/p>\n","protected":false},"author":1,"featured_media":0,"parent":0,"menu_order":0,"comment_status":"closed","ping_status":"closed","template":"elementor_header_footer","meta":{"footnotes":""},"class_list":["post-7088","page","type-page","status-publish","hentry"],"yoast_head":"<!-- This site is optimized with the Yoast SEO plugin v21.3 - https:\/\/yoast.com\/wordpress\/plugins\/seo\/ -->\n<title>Das Entstehen der Focaccia del Milese<\/title>\n<meta name=\"description\" content=\"Entdecken Sie die Geschichte der originalen Focaccia del Milese\u00ae mit ihrem einzigartigen, unnachahmlichen Geschmack, der jede Mahlzeit zu etwas Besonderem macht!\" \/>\n<meta name=\"robots\" content=\"index, follow, max-snippet:-1, max-image-preview:large, max-video-preview:-1\" \/>\n<link rel=\"canonical\" href=\"https:\/\/www.barmilese.it\/de\/ueber-uns\/\" \/>\n<meta property=\"og:locale\" content=\"de_DE\" \/>\n<meta property=\"og:type\" content=\"article\" \/>\n<meta property=\"og:title\" content=\"Das Entstehen der Focaccia del Milese\" \/>\n<meta property=\"og:description\" content=\"Entdecken Sie die Geschichte der originalen Focaccia del Milese\u00ae mit ihrem einzigartigen, unnachahmlichen Geschmack, der jede Mahlzeit zu etwas Besonderem macht!\" \/>\n<meta property=\"og:url\" content=\"https:\/\/www.barmilese.it\/de\/ueber-uns\/\" \/>\n<meta property=\"og:site_name\" content=\"Bar Milese\" \/>\n<meta property=\"article:publisher\" content=\"https:\/\/www.facebook.com\/ilmilese.focacceria\" \/>\n<meta property=\"article:modified_time\" content=\"2023-06-06T16:51:35+00:00\" \/>\n<meta property=\"og:image\" content=\"https:\/\/www.barmilese.it\/wp-content\/uploads\/2023\/04\/1-home.jpg\" \/>\n<meta name=\"twitter:card\" content=\"summary_large_image\" \/>\n<meta name=\"twitter:label1\" content=\"Gesch\u00e4tzte Lesezeit\" \/>\n\t<meta name=\"twitter:data1\" content=\"2\u00a0Minuten\" \/>\n<script type=\"application\/ld+json\" class=\"yoast-schema-graph\">{\"@context\":\"https:\/\/schema.org\",\"@graph\":[{\"@type\":\"WebPage\",\"@id\":\"https:\/\/www.barmilese.it\/de\/ueber-uns\/\",\"url\":\"https:\/\/www.barmilese.it\/de\/ueber-uns\/\",\"name\":\"Das Entstehen der Focaccia del Milese\",\"isPartOf\":{\"@id\":\"https:\/\/www.barmilese.it\/#website\"},\"datePublished\":\"2023-04-18T10:21:25+00:00\",\"dateModified\":\"2023-06-06T16:51:35+00:00\",\"description\":\"Entdecken Sie die Geschichte der originalen Focaccia del Milese\u00ae mit ihrem einzigartigen, unnachahmlichen Geschmack, der jede Mahlzeit zu etwas Besonderem macht!\",\"breadcrumb\":{\"@id\":\"https:\/\/www.barmilese.it\/de\/ueber-uns\/#breadcrumb\"},\"inLanguage\":\"de\",\"potentialAction\":[{\"@type\":\"ReadAction\",\"target\":[\"https:\/\/www.barmilese.it\/de\/ueber-uns\/\"]}]},{\"@type\":\"BreadcrumbList\",\"@id\":\"https:\/\/www.barmilese.it\/de\/ueber-uns\/#breadcrumb\",\"itemListElement\":[{\"@type\":\"ListItem\",\"position\":1,\"name\":\"Home\",\"item\":\"https:\/\/www.barmilese.it\/de\/\"},{\"@type\":\"ListItem\",\"position\":2,\"name\":\"\u00dcber uns\"}]},{\"@type\":\"WebSite\",\"@id\":\"https:\/\/www.barmilese.it\/#website\",\"url\":\"https:\/\/www.barmilese.it\/\",\"name\":\"Bar Milese\",\"description\":\"\",\"publisher\":{\"@id\":\"https:\/\/www.barmilese.it\/#organization\"},\"potentialAction\":[{\"@type\":\"SearchAction\",\"target\":{\"@type\":\"EntryPoint\",\"urlTemplate\":\"https:\/\/www.barmilese.it\/?s={search_term_string}\"},\"query-input\":\"required name=search_term_string\"}],\"inLanguage\":\"de\"},{\"@type\":\"Organization\",\"@id\":\"https:\/\/www.barmilese.it\/#organization\",\"name\":\"Bar Milese\",\"url\":\"https:\/\/www.barmilese.it\/\",\"logo\":{\"@type\":\"ImageObject\",\"inLanguage\":\"de\",\"@id\":\"https:\/\/www.barmilese.it\/#\/schema\/logo\/image\/\",\"url\":\"https:\/\/www.barmilese.it\/wp-content\/uploads\/2023\/04\/logo3-1.png\",\"contentUrl\":\"https:\/\/www.barmilese.it\/wp-content\/uploads\/2023\/04\/logo3-1.png\",\"width\":400,\"height\":236,\"caption\":\"Bar Milese\"},\"image\":{\"@id\":\"https:\/\/www.barmilese.it\/#\/schema\/logo\/image\/\"},\"sameAs\":[\"https:\/\/www.facebook.com\/ilmilese.focacceria\",\"https:\/\/www.instagram.com\/ilmilesefocacceria\/\"]}]}<\/script>\n<!-- \/ Yoast SEO plugin. -->","yoast_head_json":{"title":"Das Entstehen der Focaccia del Milese","description":"Entdecken Sie die Geschichte der originalen Focaccia del Milese\u00ae mit ihrem einzigartigen, unnachahmlichen Geschmack, der jede Mahlzeit zu etwas Besonderem macht!","robots":{"index":"index","follow":"follow","max-snippet":"max-snippet:-1","max-image-preview":"max-image-preview:large","max-video-preview":"max-video-preview:-1"},"canonical":"https:\/\/www.barmilese.it\/de\/ueber-uns\/","og_locale":"de_DE","og_type":"article","og_title":"Das Entstehen der Focaccia del Milese","og_description":"Entdecken Sie die Geschichte der originalen Focaccia del Milese\u00ae mit ihrem einzigartigen, unnachahmlichen Geschmack, der jede Mahlzeit zu etwas Besonderem macht!","og_url":"https:\/\/www.barmilese.it\/de\/ueber-uns\/","og_site_name":"Bar Milese","article_publisher":"https:\/\/www.facebook.com\/ilmilese.focacceria","article_modified_time":"2023-06-06T16:51:35+00:00","og_image":[{"url":"https:\/\/www.barmilese.it\/wp-content\/uploads\/2023\/04\/1-home.jpg"}],"twitter_card":"summary_large_image","twitter_misc":{"Gesch\u00e4tzte Lesezeit":"2\u00a0Minuten"},"schema":{"@context":"https:\/\/schema.org","@graph":[{"@type":"WebPage","@id":"https:\/\/www.barmilese.it\/de\/ueber-uns\/","url":"https:\/\/www.barmilese.it\/de\/ueber-uns\/","name":"Das Entstehen der Focaccia del Milese","isPartOf":{"@id":"https:\/\/www.barmilese.it\/#website"},"datePublished":"2023-04-18T10:21:25+00:00","dateModified":"2023-06-06T16:51:35+00:00","description":"Entdecken Sie die Geschichte der originalen Focaccia del Milese\u00ae mit ihrem einzigartigen, unnachahmlichen Geschmack, der jede Mahlzeit zu etwas Besonderem macht!","breadcrumb":{"@id":"https:\/\/www.barmilese.it\/de\/ueber-uns\/#breadcrumb"},"inLanguage":"de","potentialAction":[{"@type":"ReadAction","target":["https:\/\/www.barmilese.it\/de\/ueber-uns\/"]}]},{"@type":"BreadcrumbList","@id":"https:\/\/www.barmilese.it\/de\/ueber-uns\/#breadcrumb","itemListElement":[{"@type":"ListItem","position":1,"name":"Home","item":"https:\/\/www.barmilese.it\/de\/"},{"@type":"ListItem","position":2,"name":"\u00dcber uns"}]},{"@type":"WebSite","@id":"https:\/\/www.barmilese.it\/#website","url":"https:\/\/www.barmilese.it\/","name":"Bar Milese","description":"","publisher":{"@id":"https:\/\/www.barmilese.it\/#organization"},"potentialAction":[{"@type":"SearchAction","target":{"@type":"EntryPoint","urlTemplate":"https:\/\/www.barmilese.it\/?s={search_term_string}"},"query-input":"required name=search_term_string"}],"inLanguage":"de"},{"@type":"Organization","@id":"https:\/\/www.barmilese.it\/#organization","name":"Bar Milese","url":"https:\/\/www.barmilese.it\/","logo":{"@type":"ImageObject","inLanguage":"de","@id":"https:\/\/www.barmilese.it\/#\/schema\/logo\/image\/","url":"https:\/\/www.barmilese.it\/wp-content\/uploads\/2023\/04\/logo3-1.png","contentUrl":"https:\/\/www.barmilese.it\/wp-content\/uploads\/2023\/04\/logo3-1.png","width":400,"height":236,"caption":"Bar Milese"},"image":{"@id":"https:\/\/www.barmilese.it\/#\/schema\/logo\/image\/"},"sameAs":["https:\/\/www.facebook.com\/ilmilese.focacceria","https:\/\/www.instagram.com\/ilmilesefocacceria\/"]}]}},"_links":{"self":[{"href":"https:\/\/www.barmilese.it\/de\/wp-json\/wp\/v2\/pages\/7088","targetHints":{"allow":["GET"]}}],"collection":[{"href":"https:\/\/www.barmilese.it\/de\/wp-json\/wp\/v2\/pages"}],"about":[{"href":"https:\/\/www.barmilese.it\/de\/wp-json\/wp\/v2\/types\/page"}],"author":[{"embeddable":true,"href":"https:\/\/www.barmilese.it\/de\/wp-json\/wp\/v2\/users\/1"}],"replies":[{"embeddable":true,"href":"https:\/\/www.barmilese.it\/de\/wp-json\/wp\/v2\/comments?post=7088"}],"version-history":[{"count":13,"href":"https:\/\/www.barmilese.it\/de\/wp-json\/wp\/v2\/pages\/7088\/revisions"}],"predecessor-version":[{"id":7525,"href":"https:\/\/www.barmilese.it\/de\/wp-json\/wp\/v2\/pages\/7088\/revisions\/7525"}],"wp:attachment":[{"href":"https:\/\/www.barmilese.it\/de\/wp-json\/wp\/v2\/media?parent=7088"}],"curies":[{"name":"wp","href":"https:\/\/api.w.org\/{rel}","templated":true}]}}